{"id":81,"date":"2025-11-28T10:14:20","date_gmt":"2025-11-28T10:14:20","guid":{"rendered":"https:\/\/cms2528.commu.isfsc.be\/?page_id=81"},"modified":"2025-12-30T13:53:22","modified_gmt":"2025-12-30T13:53:22","slug":"81-2","status":"publish","type":"page","link":"https:\/\/cms2528.commu.isfsc.be\/index.php\/81-2\/","title":{"rendered":"\u00c0 propos de nous"},"content":{"rendered":"<p>[et_pb_section fb_built=\u00a0\u00bb1&Prime; _builder_version=\u00a0\u00bb4.27.4&Prime; _module_preset=\u00a0\u00bbdefault\u00a0\u00bb background_enable_pattern_style=\u00a0\u00bbon\u00a0\u00bb min_height=\u00a0\u00bb197px\u00a0\u00bb custom_padding=\u00a0\u00bb54px||54px||true|\u00a0\u00bb filter_brightness=\u00a0\u00bb200%\u00a0\u00bb global_colors_info=\u00a0\u00bb{}\u00a0\u00bb][et_pb_row _builder_version=\u00a0\u00bb4.27.4&Prime; _module_preset=\u00a0\u00bbdefault\u00a0\u00bb global_colors_info=\u00a0\u00bb{}\u00a0\u00bb][et_pb_column type=\u00a0\u00bb4_4&Prime; _builder_version=\u00a0\u00bb4.27.4&Prime; _module_preset=\u00a0\u00bbdefault\u00a0\u00bb global_colors_info=\u00a0\u00bb{}\u00a0\u00bb][et_pb_text _builder_version=\u00a0\u00bb4.27.4&Prime; _module_preset=\u00a0\u00bbdefault\u00a0\u00bb text_font=\u00a0\u00bbBakbak One||||||||\u00a0\u00bb text_text_color=\u00a0\u00bb#FFFFFF\u00a0\u00bb text_line_height=\u00a0\u00bb1.8em\u00a0\u00bb background_layout=\u00a0\u00bbdark\u00a0\u00bb custom_padding=\u00a0\u00bb|664px||||\u00a0\u00bb filter_hue_rotate=\u00a0\u00bb246deg\u00a0\u00bb filter_saturate=\u00a0\u00bb104%\u00a0\u00bb filter_brightness=\u00a0\u00bb103%\u00a0\u00bb filter_contrast=\u00a0\u00bb112%\u00a0\u00bb global_colors_info=\u00a0\u00bb{}\u00a0\u00bb]<\/p>\n<h1><strong>NOTRE \u00c9QUIPE<\/strong><\/h1>\n<p>[\/et_pb_text][\/et_pb_column][\/et_pb_row][\/et_pb_section][et_pb_section fb_built=\u00a0\u00bb1&Prime; _builder_version=\u00a0\u00bb4.27.4&Prime; _module_preset=\u00a0\u00bbdefault\u00a0\u00bb min_height=\u00a0\u00bb48.8px\u00a0\u00bb custom_margin=\u00a0\u00bb||46px|||\u00a0\u00bb custom_padding=\u00a0\u00bb0px||48px|||\u00a0\u00bb box_shadow_style=\u00a0\u00bbpreset5&Prime; global_colors_info=\u00a0\u00bb{}\u00a0\u00bb][et_pb_row _builder_version=\u00a0\u00bb4.27.4&Prime; _module_preset=\u00a0\u00bbdefault\u00a0\u00bb background_color=\u00a0\u00bbRGBA(255,255,255,0)\u00a0\u00bb custom_padding=\u00a0\u00bb3px||0px|||\u00a0\u00bb global_colors_info=\u00a0\u00bb{}\u00a0\u00bb][et_pb_column type=\u00a0\u00bb4_4&Prime; _builder_version=\u00a0\u00bb4.27.4&Prime; _module_preset=\u00a0\u00bbdefault\u00a0\u00bb global_colors_info=\u00a0\u00bb{}\u00a0\u00bb][et_pb_text _builder_version=\u00a0\u00bb4.27.4&Prime; _module_preset=\u00a0\u00bbdefault\u00a0\u00bb text_text_color=\u00a0\u00bbgcid-primary-color\u00a0\u00bb background_color=\u00a0\u00bbRGBA(255,255,255,0)\u00a0\u00bb background_layout=\u00a0\u00bbdark\u00a0\u00bb min_height=\u00a0\u00bb30.8px\u00a0\u00bb custom_padding=\u00a0\u00bb1px|||||\u00a0\u00bb filter_hue_rotate=\u00a0\u00bb193deg\u00a0\u00bb filter_saturate=\u00a0\u00bb160%\u00a0\u00bb box_shadow_style=\u00a0\u00bbpreset2&Prime; box_shadow_color=\u00a0\u00bb#2d2d2d\u00a0\u00bb inline_fonts=\u00a0\u00bbBakbak One\u00a0\u00bb global_colors_info=\u00a0\u00bb{%22gcid-primary-color%22:%91%22text_text_color%22%93}\u00a0\u00bb]<\/p>\n<p data-start=\"116\" data-end=\"402\"><span style=\"color: #0e6850; font-family: 'Bakbak One'; font-weight: normal;\">Chez Mosa\u00efk, chaque projet devient une pi\u00e8ce unique qui s\u2019int\u00e8gre harmonieusement dans l\u2019univers de nos clients.<\/span><\/p>\n<p>[\/et_pb_text][\/et_pb_column][\/et_pb_row][\/et_pb_section][et_pb_section fb_built=\u00a0\u00bb1&Prime; specialty=\u00a0\u00bbon\u00a0\u00bb _builder_version=\u00a0\u00bb4.27.4&Prime; _module_preset=\u00a0\u00bbdefault\u00a0\u00bb background_color=\u00a0\u00bb#000000&Prime; min_height=\u00a0\u00bb661.3px\u00a0\u00bb custom_margin=\u00a0\u00bb-98px|||||\u00a0\u00bb custom_padding=\u00a0\u00bb54px|||||\u00a0\u00bb filter_saturate=\u00a0\u00bb160%\u00a0\u00bb global_colors_info=\u00a0\u00bb{}\u00a0\u00bb][et_pb_column type=\u00a0\u00bb1_2&Prime; specialty_columns=\u00a0\u00bb2&Prime; _builder_version=\u00a0\u00bb4.16&Prime; custom_padding=\u00a0\u00bb|||\u00a0\u00bb global_colors_info=\u00a0\u00bb{}\u00a0\u00bb custom_padding__hover=\u00a0\u00bb|||\u00a0\u00bb][et_pb_row_inner _builder_version=\u00a0\u00bb4.27.4&Prime; _module_preset=\u00a0\u00bbdefault\u00a0\u00bb box_shadow_style=\u00a0\u00bbpreset6&Prime; box_shadow_horizontal=\u00a0\u00bb27px\u00a0\u00bb global_colors_info=\u00a0\u00bb{}\u00a0\u00bb][et_pb_column_inner saved_specialty_column_type=\u00a0\u00bb1_2&Prime; _builder_version=\u00a0\u00bb4.27.4&Prime; _module_preset=\u00a0\u00bbdefault\u00a0\u00bb global_colors_info=\u00a0\u00bb{}\u00a0\u00bb][et_pb_text _builder_version=\u00a0\u00bb4.27.4&Prime; _module_preset=\u00a0\u00bbdefault\u00a0\u00bb text_font=\u00a0\u00bbBakbak One||||||||\u00a0\u00bb text_text_color=\u00a0\u00bb#FFFFFF\u00a0\u00bb header_font=\u00a0\u00bbBakbak One||||||||\u00a0\u00bb header_text_color=\u00a0\u00bb#FFFFFF\u00a0\u00bb background_layout=\u00a0\u00bbdark\u00a0\u00bb custom_margin=\u00a0\u00bb||9px|||\u00a0\u00bb custom_padding=\u00a0\u00bb0px||4px|||\u00a0\u00bb filter_brightness=\u00a0\u00bb91%\u00a0\u00bb global_colors_info=\u00a0\u00bb{}\u00a0\u00bb]<\/p>\n<h3>Mosa\u00efk, c&rsquo;est quoi ?<\/h3>\n<p>[\/et_pb_text][\/et_pb_column_inner][\/et_pb_row_inner][et_pb_text _builder_version=\u00a0\u00bb4.27.4&Prime; _module_preset=\u00a0\u00bbdefault\u00a0\u00bb text_text_color=\u00a0\u00bb#FFFFFF\u00a0\u00bb min_height=\u00a0\u00bb203.6px\u00a0\u00bb custom_margin=\u00a0\u00bb-52px|||||\u00a0\u00bb custom_padding=\u00a0\u00bb||0px|||\u00a0\u00bb inline_fonts=\u00a0\u00bbBakbak One\u00a0\u00bb global_colors_info=\u00a0\u00bb{}\u00a0\u00bb]<\/p>\n<p data-start=\"116\" data-end=\"402\"><span style=\"font-family: 'Bakbak One';\">Bas\u00e9e au c\u0153ur de Bruxelles, Mosa\u00efk est une agence de communication o\u00f9 se rencontrent la cr\u00e9ativit\u00e9, la strat\u00e9gie et l\u2019ex\u00e9cution. Notre \u00e9quipe de quatre passionn\u00e9s con\u00e7oit des campagnes \u00e0 fort impact et organise des \u00e9v\u00e9nements sur mesure, pens\u00e9s pour laisser une empreinte durable.<\/span><\/p>\n<p data-start=\"404\" data-end=\"711\"><span style=\"font-family: 'Bakbak One'; font-weight: normal;\">Nous accompagnons marques, institutions et entrepreneurs dans la cr\u00e9ation d\u2019exp\u00e9riences coh\u00e9rentes et m\u00e9morables, en combinant vision strat\u00e9gique, design soign\u00e9 et savoir-faire op\u00e9rationnel.<\/span><\/p>\n<p>[\/et_pb_text][et_pb_text _builder_version=\u00a0\u00bb4.27.4&Prime; _module_preset=\u00a0\u00bbdefault\u00a0\u00bb global_colors_info=\u00a0\u00bb{}\u00a0\u00bb][\/et_pb_text][\/et_pb_column][et_pb_column type=\u00a0\u00bb1_2&Prime; _builder_version=\u00a0\u00bb4.16&Prime; custom_padding=\u00a0\u00bb|||\u00a0\u00bb global_colors_info=\u00a0\u00bb{}\u00a0\u00bb custom_padding__hover=\u00a0\u00bb|||\u00a0\u00bb][et_pb_text _builder_version=\u00a0\u00bb4.27.4&Prime; _module_preset=\u00a0\u00bbdefault\u00a0\u00bb text_font=\u00a0\u00bbBakbak One||||||||\u00a0\u00bb text_text_color=\u00a0\u00bb#FFFFFF\u00a0\u00bb background_layout=\u00a0\u00bbdark\u00a0\u00bb global_colors_info=\u00a0\u00bb{}\u00a0\u00bb]<\/p>\n<h3 data-start=\"1044\" data-end=\"1510\">Nos valeurs<\/h3>\n<p><span style=\"color: #0c71c3;\">Cr\u00e9ativit\u00e9 <\/span>Chaque projet est une nouvelle page blanche que nous remplissons avec audace.<br data-start=\"1138\" data-end=\"1141\" \/><span style=\"color: #0c71c3;\">Authenticit\u00e9 <\/span>Nous valorisons la transparence, la sinc\u00e9rit\u00e9 et les messages qui sonnent juste.<br data-start=\"1240\" data-end=\"1243\" \/><span style=\"color: #0c71c3;\">Proximit\u00e9 <\/span>Pour nous, chaque collaboration est une rencontre et un \u00e9change.<br data-start=\"1323\" data-end=\"1326\" \/><span style=\"color: #0c71c3;\">Innovation <\/span>Nous restons en veille constante pour offrir des solutions modernes et efficaces.<br data-start=\"1424\" data-end=\"1427\" \/><span style=\"color: #0c71c3;\">Excellence\u00a0 <\/span>Nous allons toujours au bout des choses, avec exigence et passion.<\/p>\n<p>[\/et_pb_text][\/et_pb_column][\/et_pb_section][et_pb_section fb_built=\u00a0\u00bb1&Prime; _builder_version=\u00a0\u00bb4.27.4&Prime; _module_preset=\u00a0\u00bbdefault\u00a0\u00bb hover_enabled=\u00a0\u00bb0&Prime; global_colors_info=\u00a0\u00bb{}\u00a0\u00bb sticky_enabled=\u00a0\u00bb0&Prime;][et_pb_row column_structure=\u00a0\u00bb1_4,1_4,1_4,1_4&Prime; _builder_version=\u00a0\u00bb4.27.4&Prime; _module_preset=\u00a0\u00bbdefault\u00a0\u00bb global_colors_info=\u00a0\u00bb{}\u00a0\u00bb][et_pb_column type=\u00a0\u00bb1_4&Prime; _builder_version=\u00a0\u00bb4.27.4&Prime; _module_preset=\u00a0\u00bbdefault\u00a0\u00bb global_colors_info=\u00a0\u00bb{}\u00a0\u00bb][et_pb_image src=\u00a0\u00bbhttps:\/\/cms2528.commu.isfsc.be\/wp-content\/uploads\/2025\/12\/wissal.png\u00a0\u00bb title_text=\u00a0\u00bbwissal\u00a0\u00bb _builder_version=\u00a0\u00bb4.27.5&Prime; _module_preset=\u00a0\u00bbdefault\u00a0\u00bb background_enable_color=\u00a0\u00bboff\u00a0\u00bb hover_enabled=\u00a0\u00bb0&Prime; global_colors_info=\u00a0\u00bb{%22gcid-3e935b18-c515-4bec-afec-0a19376fa9b5%22:%91%22background_color%22%93}\u00a0\u00bb sticky_enabled=\u00a0\u00bb0&Prime;][\/et_pb_image][et_pb_text _builder_version=\u00a0\u00bb4.27.4&Prime; _module_preset=\u00a0\u00bbdefault\u00a0\u00bb text_text_color=\u00a0\u00bb#12876F\u00a0\u00bb header_text_color=\u00a0\u00bb#12876F\u00a0\u00bb background_enable_pattern_style=\u00a0\u00bbon\u00a0\u00bb background_pattern_style=\u00a0\u00bbcubes\u00a0\u00bb background_pattern_color=\u00a0\u00bbRGBA(255,255,255,0)\u00a0\u00bb background_layout=\u00a0\u00bbdark\u00a0\u00bb filter_saturate=\u00a0\u00bb93%\u00a0\u00bb filter_invert=\u00a0\u00bb30%\u00a0\u00bb filter_sepia=\u00a0\u00bb47%\u00a0\u00bb mix_blend_mode=\u00a0\u00bbcolor\u00a0\u00bb box_shadow_style=\u00a0\u00bbpreset2&Prime; box_shadow_color=\u00a0\u00bb#FFFFFF\u00a0\u00bb global_colors_info=\u00a0\u00bb{}\u00a0\u00bb]<\/p>\n<h3 style=\"text-align: center;\"><span style=\"color: #ffffff;\"><strong>\u2666 El Boukhari Wissal<\/strong><\/span><\/h3>\n<p>[\/et_pb_text][\/et_pb_column][et_pb_column type=\u00a0\u00bb1_4&Prime; _builder_version=\u00a0\u00bb4.27.4&Prime; _module_preset=\u00a0\u00bbdefault\u00a0\u00bb global_colors_info=\u00a0\u00bb{}\u00a0\u00bb][et_pb_image src=\u00a0\u00bbhttps:\/\/cms2528.commu.isfsc.be\/wp-content\/uploads\/2025\/12\/IMG_8922-scaled.png\u00a0\u00bb title_text=\u00a0\u00bbIMG_8922&Prime; _builder_version=\u00a0\u00bb4.27.5&Prime; _module_preset=\u00a0\u00bbdefault\u00a0\u00bb global_colors_info=\u00a0\u00bb{}\u00a0\u00bb][\/et_pb_image][et_pb_text admin_label=\u00a0\u00bbTexte\u00a0\u00bb _builder_version=\u00a0\u00bb4.27.4&Prime; _module_preset=\u00a0\u00bbdefault\u00a0\u00bb text_text_color=\u00a0\u00bb#12876F\u00a0\u00bb background_layout=\u00a0\u00bbdark\u00a0\u00bb filter_sepia=\u00a0\u00bb62%\u00a0\u00bb box_shadow_style=\u00a0\u00bbpreset2&Prime; box_shadow_color=\u00a0\u00bb#FFFFFF\u00a0\u00bb global_colors_info=\u00a0\u00bb{}\u00a0\u00bb]<\/p>\n<h3 style=\"text-align: center;\"><strong>\u25ca Shalaby Hassan<\/strong><\/h3>\n<p>[\/et_pb_text][\/et_pb_column][et_pb_column type=\u00a0\u00bb1_4&Prime; _builder_version=\u00a0\u00bb4.27.4&Prime; _module_preset=\u00a0\u00bbdefault\u00a0\u00bb global_colors_info=\u00a0\u00bb{}\u00a0\u00bb][et_pb_image src=\u00a0\u00bbhttps:\/\/cms2528.commu.isfsc.be\/wp-content\/uploads\/2025\/12\/Nath-a-vecto-scaled.png\u00a0\u00bb title_text=\u00a0\u00bbNath a vecto\u00a0\u00bb _builder_version=\u00a0\u00bb4.27.5&Prime; _module_preset=\u00a0\u00bbdefault\u00a0\u00bb global_colors_info=\u00a0\u00bb{}\u00a0\u00bb][\/et_pb_image][et_pb_text admin_label=\u00a0\u00bbTexte\u00a0\u00bb _builder_version=\u00a0\u00bb4.27.4&Prime; _module_preset=\u00a0\u00bbdefault\u00a0\u00bb text_text_color=\u00a0\u00bb#12876F\u00a0\u00bb background_layout=\u00a0\u00bbdark\u00a0\u00bb box_shadow_style=\u00a0\u00bbpreset2&Prime; box_shadow_color=\u00a0\u00bb#FFFFFF\u00a0\u00bb global_colors_info=\u00a0\u00bb{}\u00a0\u00bb]<\/p>\n<h3 style=\"text-align: center;\"><strong>\u2666 Desplan Nathana\u00ebl<\/strong><\/h3>\n<p>[\/et_pb_text][\/et_pb_column][et_pb_column type=\u00a0\u00bb1_4&Prime; _builder_version=\u00a0\u00bb4.27.4&Prime; _module_preset=\u00a0\u00bbdefault\u00a0\u00bb global_colors_info=\u00a0\u00bb{}\u00a0\u00bb][et_pb_image src=\u00a0\u00bbhttps:\/\/cms2528.commu.isfsc.be\/wp-content\/uploads\/2025\/12\/yael-scaled.png\u00a0\u00bb title_text=\u00a0\u00bbyael\u00a0\u00bb _builder_version=\u00a0\u00bb4.27.5&Prime; _module_preset=\u00a0\u00bbdefault\u00a0\u00bb global_colors_info=\u00a0\u00bb{}\u00a0\u00bb][\/et_pb_image][et_pb_text admin_label=\u00a0\u00bbTexte\u00a0\u00bb _builder_version=\u00a0\u00bb4.27.4&Prime; _module_preset=\u00a0\u00bbdefault\u00a0\u00bb text_text_color=\u00a0\u00bb#12876F\u00a0\u00bb background_layout=\u00a0\u00bbdark\u00a0\u00bb box_shadow_style=\u00a0\u00bbpreset2&Prime; box_shadow_color=\u00a0\u00bb#FFFFFF\u00a0\u00bb global_colors_info=\u00a0\u00bb{}\u00a0\u00bb]<\/p>\n<h3 style=\"text-align: center;\"><strong>\u25ca Bowele Ya\u00ebl\u00a0<\/strong><\/h3>\n<p>[\/et_pb_text][\/et_pb_column][\/et_pb_row][\/et_pb_section]<\/p>\n","protected":false},"excerpt":{"rendered":"<p>NOTRE \u00c9QUIPEChez Mosa\u00efk, chaque projet devient une pi\u00e8ce unique qui s\u2019int\u00e8gre harmonieusement dans l\u2019univers de nos clients.Mosa\u00efk, c&rsquo;est quoi ?Bas\u00e9e au c\u0153ur de Bruxelles, Mosa\u00efk est une agence de communication o\u00f9 se rencontrent la cr\u00e9ativit\u00e9, la strat\u00e9gie et l\u2019ex\u00e9cution. Notre \u00e9quipe de quatre passionn\u00e9s con\u00e7oit des campagnes \u00e0 fort impact et organise des \u00e9v\u00e9nements sur [&hellip;]<\/p>\n","protected":false},"author":4,"featured_media":0,"parent":0,"menu_order":0,"comment_status":"closed","ping_status":"closed","template":"","meta":{"_et_pb_use_builder":"on","_et_pb_old_content":"","_et_gb_content_width":"","footnotes":""},"class_list":["post-81","page","type-page","status-publish","hentry"],"_links":{"self":[{"href":"https:\/\/cms2528.commu.isfsc.be\/index.php\/wp-json\/wp\/v2\/pages\/81","targetHints":{"allow":["GET"]}}],"collection":[{"href":"https:\/\/cms2528.commu.isfsc.be\/index.php\/wp-json\/wp\/v2\/pages"}],"about":[{"href":"https:\/\/cms2528.commu.isfsc.be\/index.php\/wp-json\/wp\/v2\/types\/page"}],"author":[{"embeddable":true,"href":"https:\/\/cms2528.commu.isfsc.be\/index.php\/wp-json\/wp\/v2\/users\/4"}],"replies":[{"embeddable":true,"href":"https:\/\/cms2528.commu.isfsc.be\/index.php\/wp-json\/wp\/v2\/comments?post=81"}],"version-history":[{"count":14,"href":"https:\/\/cms2528.commu.isfsc.be\/index.php\/wp-json\/wp\/v2\/pages\/81\/revisions"}],"predecessor-version":[{"id":272,"href":"https:\/\/cms2528.commu.isfsc.be\/index.php\/wp-json\/wp\/v2\/pages\/81\/revisions\/272"}],"wp:attachment":[{"href":"https:\/\/cms2528.commu.isfsc.be\/index.php\/wp-json\/wp\/v2\/media?parent=81"}],"curies":[{"name":"wp","href":"https:\/\/api.w.org\/{rel}","templated":true}]}}